{"id":3524,"date":"2025-09-29T18:06:21","date_gmt":"2025-09-29T21:06:21","guid":{"rendered":"https:\/\/brala.cl\/?page_id=3524"},"modified":"2025-09-29T21:28:42","modified_gmt":"2025-09-30T00:28:42","slug":"para-arrendadores","status":"publish","type":"page","link":"https:\/\/brala.cl\/index.php\/para-arrendadores\/","title":{"rendered":"Para arrendadores"},"content":{"rendered":"<p>[et_pb_section fb_built=\u00bb1&#8243; admin_label=\u00bbHeader\u00bb _builder_version=\u00bb4.27.4&#8243; _module_preset=\u00bbdefault\u00bb use_background_color_gradient=\u00bbon\u00bb background_color_gradient_stops=\u00bbrgba(255,255,255,0.47) 0%|rgba(10,0,0,0.46) 99%\u00bb background_color_gradient_overlays_image=\u00bbon\u00bb background_image=\u00bbhttps:\/\/brala.cl\/wp-content\/uploads\/2025\/09\/real-estate-22.jpg\u00bb parallax=\u00bbon\u00bb custom_padding=\u00bb0vw||||false|false\u00bb collapsed=\u00bbon\u00bb global_colors_info=\u00bb{}\u00bb theme_builder_area=\u00bbpost_content\u00bb][et_pb_row _builder_version=\u00bb4.24.2&#8243; _module_preset=\u00bbdefault\u00bb width=\u00bb90%\u00bb max_width=\u00bbnone\u00bb global_colors_info=\u00bb{}\u00bb theme_builder_area=\u00bbpost_content\u00bb][et_pb_column type=\u00bb4_4&#8243; _builder_version=\u00bb4.24.1&#8243; _module_preset=\u00bbdefault\u00bb global_colors_info=\u00bb{}\u00bb theme_builder_area=\u00bbpost_content\u00bb][et_pb_text _builder_version=\u00bb4.27.4&#8243; _module_preset=\u00bb3912a8f2-06f5-4511-bb3d-dd7b60f51526&#8243; header_text_color=\u00bb#FFFFFF\u00bb header_font_size=\u00bb5vw\u00bb text_orientation=\u00bbcenter\u00bb custom_margin=\u00bb129px||10px||false|false\u00bb hover_enabled=\u00bb0&#8243; global_colors_info=\u00bb{}\u00bb theme_builder_area=\u00bbpost_content\u00bb sticky_enabled=\u00bb0&#8243;]<\/p>\n<h1>arrendadores<\/h1>\n<p>[\/et_pb_text][et_pb_text quote_border_color=\u00bb#FFFFFF\u00bb _builder_version=\u00bb4.27.4&#8243; _module_preset=\u00bbcf1ae165-47df-4896-884e-16beaaef51c7&#8243; text_font=\u00bb|600|||||||\u00bb text_text_color=\u00bb#FFFFFF\u00bb link_text_color=\u00bb#FFFFFF\u00bb quote_text_color=\u00bb#FFFFFF\u00bb text_orientation=\u00bbcenter\u00bb max_width=\u00bb900px\u00bb module_alignment=\u00bbcenter\u00bb hover_enabled=\u00bb0&#8243; global_colors_info=\u00bb{}\u00bb theme_builder_area=\u00bbpost_content\u00bb sticky_enabled=\u00bb0&#8243;]<\/p>\n<p data-start=\"460\" data-end=\"634\">Si buscas arrendar tu propiedad, este es tu punto de partida: <strong data-start=\"522\" data-end=\"631\">sin letra chica, sin riesgos innecesarios y con la tranquilidad de que tu inmueble estar\u00e1 en buenas manos<\/strong>.<\/p>\n<p>[\/et_pb_text][et_pb_button button_text=\u00bbGuia PAso a paso\u00bb button_alignment=\u00bbcenter\u00bb _builder_version=\u00bb4.27.4&#8243; _module_preset=\u00bb0036ae90-e602-4377-841c-384648f0dfe4&#8243; global_colors_info=\u00bb{}\u00bb theme_builder_area=\u00bbpost_content\u00bb][\/et_pb_button][\/et_pb_column][\/et_pb_row][\/et_pb_section][et_pb_section fb_built=\u00bb1&#8243; admin_label=\u00bbGallery\u00bb _builder_version=\u00bb4.24.2&#8243; _module_preset=\u00bbdefault\u00bb custom_padding=\u00bb0px|0px|0px|0px|false|true\u00bb locked=\u00bboff\u00bb collapsed=\u00bbon\u00bb global_colors_info=\u00bb{}\u00bb theme_builder_area=\u00bbpost_content\u00bb][et_pb_row column_structure=\u00bb1_2,1_2&#8243; use_custom_gutter=\u00bbon\u00bb gutter_width=\u00bb1&#8243; make_equal=\u00bbon\u00bb _builder_version=\u00bb4.27.4&#8243; _module_preset=\u00bbdefault\u00bb width=\u00bb100%\u00bb max_width=\u00bb100%\u00bb custom_padding=\u00bb0px||0px||true|false\u00bb global_colors_info=\u00bb{}\u00bb theme_builder_area=\u00bbpost_content\u00bb][et_pb_column type=\u00bb1_2&#8243; _builder_version=\u00bb4.27.4&#8243; _module_preset=\u00bbdefault\u00bb background_image=\u00bbhttps:\/\/brala.cl\/wp-content\/uploads\/2025\/09\/real-estate-17.jpg\u00bb background_position=\u00bbtop_center\u00bb global_colors_info=\u00bb{}\u00bb theme_builder_area=\u00bbpost_content\u00bb][et_pb_divider show_divider=\u00bboff\u00bb _builder_version=\u00bb4.18.0&#8243; _module_preset=\u00bbdefault\u00bb height_tablet=\u00bb60vw\u00bb height_phone=\u00bb60vw\u00bb height_last_edited=\u00bbon|phone\u00bb global_colors_info=\u00bb{}\u00bb theme_builder_area=\u00bbpost_content\u00bb][\/et_pb_divider][\/et_pb_column][et_pb_column type=\u00bb1_2&#8243; _builder_version=\u00bb4.18.0&#8243; _module_preset=\u00bbdefault\u00bb custom_padding=\u00bb15%|8%|15%|8%|true|false\u00bb global_colors_info=\u00bb{}\u00bb theme_builder_area=\u00bbpost_content\u00bb][et_pb_text _builder_version=\u00bb4.27.4&#8243; _module_preset=\u00bbe6504a1b-67eb-4b3d-b023-bcab277610b6&#8243; header_4_font=\u00bbUbuntu|700||on|||||\u00bb header_4_text_color=\u00bb#ff9616&#8243; header_4_font_size=\u00bb14px\u00bb header_4_line_height=\u00bb1.5em\u00bb custom_margin=\u00bb||0px||false|false\u00bb global_colors_info=\u00bb{}\u00bb theme_builder_area=\u00bbpost_content\u00bb]<\/p>\n<h4>Requisitos<\/h4>\n<p>[\/et_pb_text][et_pb_text _builder_version=\u00bb4.27.4&#8243; _module_preset=\u00bbb327cbe4-b1d5-4b66-ad37-40c8f2f061ba\u00bb header_2_font=\u00bbPlayfair Display|700|||||||\u00bb header_2_text_color=\u00bb#000000&#8243; header_2_font_size=\u00bb75px\u00bb header_2_line_height=\u00bb1.35em\u00bb custom_margin=\u00bb||30px||false|false\u00bb header_2_font_size_tablet=\u00bb32px\u00bb header_2_font_size_phone=\u00bb20px\u00bb header_2_font_size_last_edited=\u00bbon|desktop\u00bb global_colors_info=\u00bb{}\u00bb theme_builder_area=\u00bbpost_content\u00bb]<\/p>\n<h2>Documentaci\u00f3n:<\/h2>\n<p>[\/et_pb_text][et_pb_text _builder_version=\u00bb4.27.4&#8243; _module_preset=\u00bb1f09816e-184e-4ce5-a4cf-b39c52c423ca\u00bb text_font=\u00bbNanum Gothic||||||||\u00bb text_font_size=\u00bb16px\u00bb text_line_height=\u00bb1.8em\u00bb custom_margin=\u00bb||30px||false|false\u00bb text_font_size_tablet=\u00bb15px\u00bb text_font_size_phone=\u00bb14px\u00bb text_font_size_last_edited=\u00bbon|phone\u00bb header_font_size_tablet=\u00bb55px\u00bb header_font_size_last_edited=\u00bboff|desktop\u00bb global_colors_info=\u00bb{}\u00bb theme_builder_area=\u00bbpost_content\u00bb]<\/p>\n<p>La documentaci\u00f3n es la base de un arriendo seguro. Revisar antecedentes financieros, laborales y legales de cada interesado permite filtrar a los candidatos y asegurar que tu propiedad quede en manos responsables, brind\u00e1ndote tranquilidad y respaldo en cada decisi\u00f3n.<\/p>\n<p><strong>Requisitos para arrendar<\/strong><\/p>\n<ul>\n<li class=\"p1\">\u00daltimas 3 liquidaciones de sueldo.<\/li>\n<li class=\"p1\">Contrato de trabajo vigente.<\/li>\n<li class=\"p1\">\u00daltimas 12 cotizaciones de AFP.<\/li>\n<li class=\"p1\">Informe comercial. En la CMF se saca gratis por internet.<span>\u00a0<\/span><a href=\"https:\/\/conocetudeuda.cmfchile.cl\/informe-deudas\/622\/w3-contents.html\">Link al informe<\/a><\/li>\n<\/ul>\n<p>[\/et_pb_text][et_pb_text _builder_version=\u00bb4.27.4&#8243; _module_preset=\u00bb1f09816e-184e-4ce5-a4cf-b39c52c423ca\u00bb text_font=\u00bbNanum Gothic||||||||\u00bb text_font_size=\u00bb16px\u00bb text_line_height=\u00bb1.8em\u00bb custom_margin=\u00bb||30px||false|false\u00bb text_font_size_tablet=\u00bb15px\u00bb text_font_size_phone=\u00bb14px\u00bb text_font_size_last_edited=\u00bbon|phone\u00bb header_font_size_tablet=\u00bb55px\u00bb header_font_size_last_edited=\u00bboff|desktop\u00bb global_colors_info=\u00bb{}\u00bb theme_builder_area=\u00bbpost_content\u00bb]<\/p>\n<p>Si eres independiente o empresario , incluir carpeta tributaria con 12 \u00faltimos meses.\u00a0<\/p>\n<p>[\/et_pb_text][et_pb_text _builder_version=\u00bb4.27.4&#8243; _module_preset=\u00bb81a1c3da-726d-42af-9e7c-0d66ea2b1448&#8243; header_3_font=\u00bbPlayfair Display||||||||\u00bb header_3_text_color=\u00bb#000000&#8243; custom_margin=\u00bb||10px||false|false\u00bb global_colors_info=\u00bb{}\u00bb theme_builder_area=\u00bbpost_content\u00bb]<\/p>\n<h3 style=\"text-align: center;\">Datos de env\u00edo:<\/h3>\n<p>[\/et_pb_text][et_pb_text _builder_version=\u00bb4.27.4&#8243; _module_preset=\u00bba31fe5c4-cc6c-44aa-ba25-552efa5206d0&#8243; text_text_color=\u00bb#FFFFFF\u00bb text_font_size=\u00bb22px\u00bb global_colors_info=\u00bb{}\u00bb theme_builder_area=\u00bbpost_content\u00bb]<\/p>\n<p style=\"text-align: center;\"><strong><a href=\"mailto:contacto@brala.cl\">contacto@brala.cl<\/a><\/strong><\/p>\n<p>[\/et_pb_text][\/et_pb_column][\/et_pb_row][et_pb_row column_structure=\u00bb1_2,1_2&#8243; use_custom_gutter=\u00bbon\u00bb gutter_width=\u00bb1&#8243; make_equal=\u00bbon\u00bb disabled_on=\u00bbon|off|off\u00bb _builder_version=\u00bb4.27.4&#8243; _module_preset=\u00bbdefault\u00bb width=\u00bb100%\u00bb max_width=\u00bb100%\u00bb custom_padding=\u00bb0px||0px||true|false\u00bb global_colors_info=\u00bb{}\u00bb theme_builder_area=\u00bbpost_content\u00bb][et_pb_column type=\u00bb1_2&#8243; _builder_version=\u00bb4.18.0&#8243; _module_preset=\u00bbdefault\u00bb custom_padding=\u00bb15%|8%|15%|8%|true|false\u00bb global_colors_info=\u00bb{}\u00bb theme_builder_area=\u00bbpost_content\u00bb][et_pb_text _builder_version=\u00bb4.27.4&#8243; _module_preset=\u00bbe6504a1b-67eb-4b3d-b023-bcab277610b6&#8243; header_4_font=\u00bbUbuntu|700||on|||||\u00bb header_4_text_color=\u00bb#ff9400&#8243; header_4_font_size=\u00bb14px\u00bb header_4_line_height=\u00bb1.5em\u00bb custom_margin=\u00bb||0px||false|false\u00bb header_4_text_color_tablet=\u00bb#7090AE\u00bb header_4_text_color_phone=\u00bb#ef9300&#8243; header_4_text_color_last_edited=\u00bbon|phone\u00bb global_colors_info=\u00bb{}\u00bb theme_builder_area=\u00bbpost_content\u00bb]<\/p>\n<h4>VISITA<\/h4>\n<p>[\/et_pb_text][et_pb_text _builder_version=\u00bb4.27.4&#8243; _module_preset=\u00bbb327cbe4-b1d5-4b66-ad37-40c8f2f061ba\u00bb header_2_font=\u00bbPlayfair Display|700|||||||\u00bb header_2_text_color=\u00bb#000000&#8243; header_2_font_size=\u00bb75px\u00bb header_2_line_height=\u00bb1.35em\u00bb custom_margin=\u00bb||30px||false|false\u00bb header_2_text_color_tablet=\u00bb#000000&#8243; header_2_text_color_phone=\u00bb#FFFFFF\u00bb header_2_text_color_last_edited=\u00bbon|phone\u00bb header_2_font_size_tablet=\u00bb32px\u00bb header_2_font_size_phone=\u00bb20px\u00bb header_2_font_size_last_edited=\u00bbon|desktop\u00bb global_colors_info=\u00bb{}\u00bb theme_builder_area=\u00bbpost_content\u00bb]<\/p>\n<h2>Agenda tu visita al inmueble<\/h2>\n<p>[\/et_pb_text][et_pb_text _builder_version=\u00bb4.27.4&#8243; _module_preset=\u00bb1f09816e-184e-4ce5-a4cf-b39c52c423ca\u00bb text_font=\u00bbNanum Gothic||||||||\u00bb text_font_size=\u00bb16px\u00bb text_line_height=\u00bb1.8em\u00bb custom_margin=\u00bb||30px||false|false\u00bb text_text_color_tablet=\u00bb\u00bb text_text_color_phone=\u00bb#FFFFFF\u00bb text_text_color_last_edited=\u00bbon|phone\u00bb text_font_size_tablet=\u00bb15px\u00bb text_font_size_phone=\u00bb14px\u00bb text_font_size_last_edited=\u00bbon|phone\u00bb header_font_size_tablet=\u00bb55px\u00bb header_font_size_last_edited=\u00bboff|desktop\u00bb global_colors_info=\u00bb{}\u00bb theme_builder_area=\u00bbpost_content\u00bb]<\/p>\n<p>Agendar una visita a la propiedad es sencillo y r\u00e1pido. Puedes coordinar directamente con nosotros a trav\u00e9s de <strong data-start=\"213\" data-end=\"256\">tel\u00e9fono, WhatsApp o correo electr\u00f3nico<\/strong>, eligiendo el d\u00eda y la hora que m\u00e1s te acomode. De esta forma aseguramos un contacto cercano y una gesti\u00f3n \u00e1gil para que conozcas el inmueble sin complicaciones.<\/p>\n<p>[\/et_pb_text][et_pb_button button_url=\u00bb@ET-DC@eyJkeW5hbWljIjp0cnVlLCJjb250ZW50IjoicG9zdF9saW5rX3VybF9wYWdlIiwic2V0dGluZ3MiOnsicG9zdF9pZCI6IjE5NDMifX0=@\u00bb button_text=\u00bbAgendar\u00bb button_alignment=\u00bbright\u00bb _builder_version=\u00bb4.27.4&#8243; _dynamic_attributes=\u00bbbutton_url\u00bb _module_preset=\u00bb31b4f027-aaa0-4f2f-ae02-959764e19e4f\u00bb custom_button=\u00bbon\u00bb button_text_size=\u00bb14px\u00bb button_text_color=\u00bb#ffffff\u00bb button_bg_color=\u00bb#ff9400&#8243; button_border_width=\u00bb1px\u00bb button_border_color=\u00bbRGBA(255,255,255,0)\u00bb button_border_radius=\u00bb0px\u00bb button_font=\u00bbUbuntu|700||on|||||\u00bb button_use_icon=\u00bboff\u00bb custom_margin=\u00bb18px|||||\u00bb custom_padding=\u00bb16px|24px|16px|24px|true|true\u00bb button_text_size_tablet=\u00bb21px\u00bb button_text_size_phone=\u00bb12px\u00bb button_text_size_last_edited=\u00bbon|phone\u00bb button_text_shadow_style=\u00bbpreset3&#8243; global_colors_info=\u00bb{}\u00bb theme_builder_area=\u00bbpost_content\u00bb][\/et_pb_button][\/et_pb_column][et_pb_column type=\u00bb1_2&#8243; _builder_version=\u00bb4.27.4&#8243; _module_preset=\u00bbdefault\u00bb background_image=\u00bbhttps:\/\/brala.cl\/wp-content\/uploads\/2025\/09\/real-estate-07.jpg\u00bb global_colors_info=\u00bb{}\u00bb theme_builder_area=\u00bbpost_content\u00bb][et_pb_divider show_divider=\u00bboff\u00bb disabled_on=\u00bbon|off|off\u00bb _builder_version=\u00bb4.27.4&#8243; _module_preset=\u00bbdefault\u00bb height_tablet=\u00bb40vw\u00bb height_phone=\u00bb40vw\u00bb height_last_edited=\u00bbon|desktop\u00bb global_colors_info=\u00bb{}\u00bb theme_builder_area=\u00bbpost_content\u00bb][\/et_pb_divider][\/et_pb_column][\/et_pb_row][et_pb_row column_structure=\u00bb1_2,1_2&#8243; use_custom_gutter=\u00bbon\u00bb gutter_width=\u00bb1&#8243; make_equal=\u00bbon\u00bb _builder_version=\u00bb4.27.4&#8243; _module_preset=\u00bbdefault\u00bb width=\u00bb100%\u00bb max_width=\u00bb100%\u00bb custom_padding=\u00bb0px||0px||true|false\u00bb global_colors_info=\u00bb{}\u00bb theme_builder_area=\u00bbpost_content\u00bb][et_pb_column type=\u00bb1_2&#8243; _builder_version=\u00bb4.27.4&#8243; _module_preset=\u00bbdefault\u00bb background_image=\u00bbhttps:\/\/brala.cl\/wp-content\/uploads\/2025\/09\/real-estate-09-1024&#215;648-1.jpg\u00bb background_position=\u00bbtop_center\u00bb global_colors_info=\u00bb{}\u00bb theme_builder_area=\u00bbpost_content\u00bb][et_pb_divider show_divider=\u00bboff\u00bb _builder_version=\u00bb4.18.0&#8243; _module_preset=\u00bbdefault\u00bb height_tablet=\u00bb60vw\u00bb height_phone=\u00bb60vw\u00bb height_last_edited=\u00bbon|phone\u00bb global_colors_info=\u00bb{}\u00bb theme_builder_area=\u00bbpost_content\u00bb][\/et_pb_divider][\/et_pb_column][et_pb_column type=\u00bb1_2&#8243; _builder_version=\u00bb4.18.0&#8243; _module_preset=\u00bbdefault\u00bb custom_padding=\u00bb15%|8%|15%|8%|true|false\u00bb global_colors_info=\u00bb{}\u00bb theme_builder_area=\u00bbpost_content\u00bb][et_pb_text _builder_version=\u00bb4.27.4&#8243; _module_preset=\u00bbe6504a1b-67eb-4b3d-b023-bcab277610b6&#8243; header_4_font=\u00bbUbuntu|700||on|||||\u00bb header_4_text_color=\u00bb#ff9616&#8243; header_4_font_size=\u00bb14px\u00bb header_4_line_height=\u00bb1.5em\u00bb custom_margin=\u00bb||0px||false|false\u00bb global_colors_info=\u00bb{}\u00bb theme_builder_area=\u00bbpost_content\u00bb]<\/p>\n<h4>Valores y desglose<\/h4>\n<p>[\/et_pb_text][et_pb_text _builder_version=\u00bb4.27.4&#8243; _module_preset=\u00bbb327cbe4-b1d5-4b66-ad37-40c8f2f061ba\u00bb header_2_font=\u00bbPlayfair Display|700|||||||\u00bb header_2_text_color=\u00bb#000000&#8243; header_2_font_size=\u00bb75px\u00bb header_2_line_height=\u00bb1.35em\u00bb custom_margin=\u00bb||30px||false|false\u00bb header_2_font_size_tablet=\u00bb32px\u00bb header_2_font_size_phone=\u00bb20px\u00bb header_2_font_size_last_edited=\u00bbon|desktop\u00bb global_colors_info=\u00bb{}\u00bb theme_builder_area=\u00bbpost_content\u00bb]<\/p>\n<h2>Detalle del pago<\/h2>\n<p>[\/et_pb_text][et_pb_text _builder_version=\u00bb4.27.4&#8243; _module_preset=\u00bb1f09816e-184e-4ce5-a4cf-b39c52c423ca\u00bb text_font=\u00bbNanum Gothic||||||||\u00bb text_font_size=\u00bb16px\u00bb text_line_height=\u00bb1.8em\u00bb custom_margin=\u00bb||30px||false|false\u00bb text_font_size_tablet=\u00bb15px\u00bb text_font_size_phone=\u00bb14px\u00bb text_font_size_last_edited=\u00bbon|phone\u00bb header_font_size_tablet=\u00bb55px\u00bb header_font_size_last_edited=\u00bboff|desktop\u00bb global_colors_info=\u00bb{}\u00bb theme_builder_area=\u00bbpost_content\u00bb]<\/p>\n<p data-start=\"151\" data-end=\"242\">Al concretar el contrato, el arrendatario debe realizar el pago de los siguientes montos:<\/p>\n<ul data-start=\"244\" data-end=\"638\">\n<li data-start=\"244\" data-end=\"399\">\n<p data-start=\"246\" data-end=\"399\"><strong data-start=\"246\" data-end=\"259\">Garant\u00eda:<\/strong> equivalente a un mes de arriendo, se paga al momento de reservar la propiedad y queda como respaldo por posibles da\u00f1os o incumplimientos.<\/p>\n<\/li>\n<li data-start=\"400\" data-end=\"503\">\n<p data-start=\"402\" data-end=\"503\"><strong data-start=\"402\" data-end=\"429\">Primer mes de arriendo:<\/strong> se cancela al momento de la <strong data-start=\"458\" data-end=\"479\">entrega de llaves<\/strong> y firma del contrato.<\/p>\n<\/li>\n<li data-start=\"504\" data-end=\"638\">\n<p data-start=\"506\" data-end=\"638\"><strong data-start=\"506\" data-end=\"534\">Honorarios de corretaje:<\/strong> correspondientes al <strong data-start=\"555\" data-end=\"586\">50% de un canon de arriendo<\/strong>, pagados a la corredora por la gesti\u00f3n realizada.<\/p>\n<\/li>\n<\/ul>\n<p data-start=\"640\" data-end=\"779\">Con este esquema, el arrendador tiene la tranquilidad de que el inicio del arriendo queda respaldado, seguro y formalizado en cada etapa.<\/p>\n<h3 data-start=\"162\" data-end=\"212\"><strong>Ejemplo de pago en un arriendo de $1.000.000<\/strong><\/h3>\n<p data-start=\"214\" data-end=\"292\">Al cerrar el contrato, el arrendatario debe considerar los siguientes pagos:<\/p>\n<ul data-start=\"294\" data-end=\"535\">\n<li data-start=\"294\" data-end=\"358\">\n<p data-start=\"296\" data-end=\"358\"><strong data-start=\"296\" data-end=\"309\">Garant\u00eda:<\/strong> $1.000.000 (equivalente a un mes de arriendo).<\/p>\n<\/li>\n<li data-start=\"359\" data-end=\"447\">\n<p data-start=\"361\" data-end=\"447\"><strong data-start=\"361\" data-end=\"388\">Primer mes de arriendo:<\/strong> $1.000.000 (se paga al momento de la entrega de llaves).<\/p>\n<\/li>\n<li data-start=\"448\" data-end=\"535\">\n<p data-start=\"450\" data-end=\"535\"><strong data-start=\"450\" data-end=\"478\">Honorarios de corretaje:<\/strong> $500.000 (equivalente al 50% de un canon de arriendo).<\/p>\n<\/li>\n<\/ul>\n<p data-start=\"537\" data-end=\"568\"><strong data-start=\"537\" data-end=\"555\">Total inicial:<\/strong> $2.500.000<\/p>\n<p>[\/et_pb_text][\/et_pb_column][\/et_pb_row][et_pb_row _builder_version=\u00bb4.27.4&#8243; _module_preset=\u00bb_initial\u00bb background_color=\u00bb#000000&#8243; width=\u00bb100%\u00bb max_width=\u00bb100%\u00bb custom_margin=\u00bb5px|auto||auto||\u00bb custom_padding=\u00bb81px||0px|||\u00bb global_colors_info=\u00bb{}\u00bb theme_builder_area=\u00bbpost_content\u00bb][et_pb_column type=\u00bb4_4&#8243; _builder_version=\u00bb4.25.2&#8243; _module_preset=\u00bb_initial\u00bb global_colors_info=\u00bb{}\u00bb theme_builder_area=\u00bbpost_content\u00bb][et_pb_heading title=\u00bbBrala Exclusives\u00bb _builder_version=\u00bb4.27.4&#8243; _module_preset=\u00bb_initial\u00bb title_font=\u00bbArimo||||||||\u00bb title_text_color=\u00bb#ff8c00&#8243; title_font_size=\u00bb90px\u00bb title_line_height=\u00bb110%\u00bb custom_margin=\u00bb||-18px|||\u00bb title_font_size_tablet=\u00bb40px\u00bb title_font_size_phone=\u00bb24px\u00bb title_font_size_last_edited=\u00bbon|phone\u00bb global_colors_info=\u00bb{}\u00bb theme_builder_area=\u00bbpost_content\u00bb][\/et_pb_heading][et_pb_heading title=\u00bbPropiedades que s\u00f3lo encontrar\u00e1s en aqu\u00ed\u00bb _builder_version=\u00bb4.27.4&#8243; _module_preset=\u00bb_initial\u00bb title_level=\u00bbh4&#8243; title_font=\u00bbArimo|700||on|||||\u00bb title_text_color=\u00bb#FFFFFF\u00bb title_font_size=\u00bb14px\u00bb title_letter_spacing=\u00bb0.08px\u00bb title_line_height=\u00bb1.6em\u00bb custom_margin=\u00bb||64px||false|false\u00bb title_font_size_tablet=\u00bb13px\u00bb title_font_size_phone=\u00bb12px\u00bb title_font_size_last_edited=\u00bbon|desktop\u00bb global_colors_info=\u00bb{}\u00bb theme_builder_area=\u00bbpost_content\u00bb][\/et_pb_heading][et_pb_shop type=\u00bbproduct_category\u00bb posts_number=\u00bb4&#8243; include_categories=\u00bb129&#8243; _builder_version=\u00bb4.27.4&#8243; _module_preset=\u00bbdefault\u00bb title_font=\u00bb|700|||||||\u00bb price_font=\u00bb|700|||||||\u00bb price_text_color=\u00bb#ff9933&#8243; width=\u00bb90%\u00bb module_alignment=\u00bbcenter\u00bb custom_margin=\u00bb|0px||0px|false|true\u00bb custom_padding=\u00bb||0px|||\u00bb global_colors_info=\u00bb{}\u00bb theme_builder_area=\u00bbpost_content\u00bb][\/et_pb_shop][\/et_pb_column][\/et_pb_row][\/et_pb_section]<\/p>\n","protected":false},"excerpt":{"rendered":"<p>arrendadoresSi buscas arrendar tu propiedad, este es tu punto de partida: sin letra chica, sin riesgos innecesarios y con la tranquilidad de que tu inmueble estar\u00e1 en buenas manos.RequisitosDocumentaci\u00f3n:La documentaci\u00f3n es la base de un arriendo seguro. Revisar antecedentes financieros, laborales y legales de cada interesado permite filtrar a los candidatos y asegurar que tu [&hellip;]<\/p>\n","protected":false},"author":1,"featured_media":0,"parent":0,"menu_order":0,"comment_status":"closed","ping_status":"closed","template":"","meta":{"_et_pb_use_builder":"on","_et_pb_old_content":"","_et_gb_content_width":"","om_disable_all_campaigns":false,"_monsterinsights_skip_tracking":false,"_monsterinsights_sitenote_active":false,"_monsterinsights_sitenote_note":"","_monsterinsights_sitenote_category":0,"_uf_show_specific_survey":0,"_uf_disable_surveys":false,"footnotes":""},"class_list":["post-3524","page","type-page","status-publish","hentry"],"aioseo_notices":[],"jetpack_sharing_enabled":true,"_links":{"self":[{"href":"https:\/\/brala.cl\/index.php\/wp-json\/wp\/v2\/pages\/3524","targetHints":{"allow":["GET"]}}],"collection":[{"href":"https:\/\/brala.cl\/index.php\/wp-json\/wp\/v2\/pages"}],"about":[{"href":"https:\/\/brala.cl\/index.php\/wp-json\/wp\/v2\/types\/page"}],"author":[{"embeddable":true,"href":"https:\/\/brala.cl\/index.php\/wp-json\/wp\/v2\/users\/1"}],"replies":[{"embeddable":true,"href":"https:\/\/brala.cl\/index.php\/wp-json\/wp\/v2\/comments?post=3524"}],"version-history":[{"count":3,"href":"https:\/\/brala.cl\/index.php\/wp-json\/wp\/v2\/pages\/3524\/revisions"}],"predecessor-version":[{"id":3573,"href":"https:\/\/brala.cl\/index.php\/wp-json\/wp\/v2\/pages\/3524\/revisions\/3573"}],"wp:attachment":[{"href":"https:\/\/brala.cl\/index.php\/wp-json\/wp\/v2\/media?parent=3524"}],"curies":[{"name":"wp","href":"https:\/\/api.w.org\/{rel}","templated":true}]}}