{"id":5746,"date":"2026-04-30T12:07:14","date_gmt":"2026-04-30T16:07:14","guid":{"rendered":"https:\/\/brala.cl\/?page_id=5746"},"modified":"2026-05-04T10:09:24","modified_gmt":"2026-05-04T14:09:24","slug":"para-agentes-inmobiliarios","status":"publish","type":"page","link":"https:\/\/brala.cl\/index.php\/para-agentes-inmobiliarios\/","title":{"rendered":"Para agentes inmobiliarios"},"content":{"rendered":"<p>[et_pb_section fb_built=\u00bb1&#8243; _builder_version=\u00bb4.27.5&#8243; _module_preset=\u00bbdefault\u00bb background_color=\u00bb#000000&#8243; global_colors_info=\u00bb{}\u00bb][et_pb_row _builder_version=\u00bb4.27.5&#8243; _module_preset=\u00bbdefault\u00bb background_color=\u00bb#ff9900&#8243; custom_padding=\u00bb|50px||50px|false|true\u00bb border_radii=\u00bbon|10px|10px|10px|10px\u00bb global_colors_info=\u00bb{}\u00bb][et_pb_column type=\u00bb4_4&#8243; _builder_version=\u00bb4.27.5&#8243; _module_preset=\u00bbdefault\u00bb custom_padding=\u00bb|||30px|false|false\u00bb global_colors_info=\u00bb{}\u00bb][et_pb_text _builder_version=\u00bb4.27.5&#8243; _module_preset=\u00bbdefault\u00bb text_font=\u00bbUbuntu||||||||\u00bb text_text_color=\u00bb#FFFFFF\u00bb text_font_size=\u00bb24px\u00bb global_colors_info=\u00bb{}\u00bb]<\/p>\n<p style=\"text-align: center;\">\u00bfEres agente inmobiliario? Trabajemos juntos.<\/p>\n<p>[\/et_pb_text][et_pb_text _builder_version=\u00bb4.27.5&#8243; _module_preset=\u00bbdefault\u00bb text_font=\u00bbUbuntu||||||||\u00bb text_text_color=\u00bb#FFFFFF\u00bb global_colors_info=\u00bb{}\u00bb]<\/p>\n<p>Hoy, ser corredor independiente es una carga excesiva; si no tienes una presencia digital actualizada y agresiva, simplemente no existes. Nuestra propuesta es que t\u00fa te enfoques solo en cerrar negocios, mientras nosotros potenciamos tu gesti\u00f3n con estas herramientas.<\/p>\n<p>[\/et_pb_text][\/et_pb_column][\/et_pb_row][et_pb_row column_structure=\u00bb1_3,2_3&#8243; _builder_version=\u00bb4.27.5&#8243; _module_preset=\u00bbdefault\u00bb background_color=\u00bb#ff9900&#8243; custom_margin=\u00bb25px|auto||auto|false|false\u00bb border_radii=\u00bbon|25px|25px|25px|25px\u00bb global_colors_info=\u00bb{}\u00bb][et_pb_column type=\u00bb1_3&#8243; _builder_version=\u00bb4.27.5&#8243; _module_preset=\u00bbdefault\u00bb background_enable_image=\u00bboff\u00bb custom_padding=\u00bb0px|0px|0px|30px|false|false\u00bb border_radii=\u00bbon|10px|10px|10px|10px\u00bb global_colors_info=\u00bb{}\u00bb][et_pb_image src=\u00bbhttps:\/\/brala.cl\/wp-content\/uploads\/2026\/05\/ejecutivos.jpeg\u00bb title_text=\u00bbxr:d:DAFSPYYOVJ4:24,j:42824519862,t:22120122&#8243; _builder_version=\u00bb4.27.5&#8243; _module_preset=\u00bbdefault\u00bb hover_enabled=\u00bb0&#8243; global_colors_info=\u00bb{}\u00bb width=\u00bb90%\u00bb align=\u00bbcenter\u00bb sticky_enabled=\u00bb0&#8243; border_radii=\u00bbon|20px|20px|20px|20px\u00bb][\/et_pb_image][\/et_pb_column][et_pb_column type=\u00bb2_3&#8243; _builder_version=\u00bb4.27.5&#8243; _module_preset=\u00bbdefault\u00bb custom_padding=\u00bb|30px||0px|false|false\u00bb global_colors_info=\u00bb{}\u00bb][et_pb_text _builder_version=\u00bb4.27.5&#8243; _module_preset=\u00bbdefault\u00bb text_font=\u00bbUbuntu||||||||\u00bb text_text_color=\u00bb#FFFFFF\u00bb text_font_size=\u00bb24px\u00bb global_colors_info=\u00bb{}\u00bb]<\/p>\n<h2 data-path-to-node=\"2\"><span style=\"color: #ffffff;\">Tu Rol: El Motor del \u00c9xito en Terreno<\/span><\/h2>\n<p>[\/et_pb_text][et_pb_text _builder_version=\u00bb4.27.5&#8243; _module_preset=\u00bbdefault\u00bb text_font=\u00bbUbuntu||||||||\u00bb text_text_color=\u00bb#FFFFFF\u00bb global_colors_info=\u00bb{}\u00bb]<\/p>\n<p data-path-to-node=\"3\" id=\"p-rc_6747e6db3e6bb46a-75\"><span data-path-to-node=\"3,0\">En <b data-path-to-node=\"3,0\" data-index-in-node=\"3\">Brala Propiedades<\/b>, creemos en la especializaci\u00f3n para maximizar resultados. Mientras nosotros nos encargamos de la maquinaria digital y legal, tu misi\u00f3n es conquistar el terreno. Tu rol se divide en tres pilares fundamentales que garantizan un flujo constante de negocios y comisiones de hasta el <b data-path-to-node=\"3,0\" data-index-in-node=\"300\">60%<\/b><\/span><span data-path-to-node=\"3,1\"><response-element class=\"\" ng-version=\"0.0.0-PLACEHOLDER\"><source-footnote _nghost-ng-c3930756047=\"\" class=\"ng-star-inserted\"><sup _ngcontent-ng-c3930756047=\"\" class=\"superscript\"><\/sup><\/source-footnote><\/response-element><\/span><span data-path-to-node=\"3,2\">:<\/span><sources-carousel-inline ng-version=\"0.0.0-PLACEHOLDER\" _nghost-ng-c3520645470=\"\"><source-inline-chip _ngcontent-ng-c3520645470=\"\" _nghost-ng-c1316062317=\"\" class=\"ng-star-inserted\"><\/source-inline-chip><\/sources-carousel-inline><\/p>\n<p data-path-to-node=\"4,0,0\" id=\"p-rc_6747e6db3e6bb46a-76\"><span data-path-to-node=\"4,0,0,0\"><b data-path-to-node=\"4,0,0,0\" data-index-in-node=\"0\">Captaci\u00f3n Estrat\u00e9gica:<\/b> Eres el radar de nuestra cartera. Tu objetivo es detectar y atraer propiedades de calidad, integr\u00e1ndolas a nuestro inventario compartido para que comience la magia del marketing<\/span><span data-path-to-node=\"4,0,0,1\"><response-element class=\"\" ng-version=\"0.0.0-PLACEHOLDER\"><source-footnote _nghost-ng-c3930756047=\"\" class=\"ng-star-inserted\"><sup _ngcontent-ng-c3930756047=\"\" class=\"superscript\"><\/sup><\/source-footnote><\/response-element><\/span><span data-path-to-node=\"4,0,0,2\">.<\/span><sources-carousel-inline ng-version=\"0.0.0-PLACEHOLDER\" _nghost-ng-c3520645470=\"\"><source-inline-chip _ngcontent-ng-c3520645470=\"\" _nghost-ng-c1316062317=\"\" class=\"ng-star-inserted\"><\/source-inline-chip><\/sources-carousel-inline><\/p>\n<p data-path-to-node=\"4,1,0\" id=\"p-rc_6747e6db3e6bb46a-77\"><span data-path-to-node=\"4,1,0,0\"><b data-path-to-node=\"4,1,0,0\" data-index-in-node=\"0\">Toma en bruto del\u00a0 Material Visual:<\/b> No necesitas ser un fot\u00f3grafo experto, pero s\u00ed estar en el lugar. T\u00fa capturas el material base (fotos y videos brutos) que nuestro equipo de edici\u00f3n transformar\u00e1 en piezas publicitarias de alto impacto para TikTok y portales premium<\/span><span data-path-to-node=\"4,1,0,1\"><response-element class=\"\" ng-version=\"0.0.0-PLACEHOLDER\"><source-footnote _nghost-ng-c3930756047=\"\" class=\"ng-star-inserted\"><sup _ngcontent-ng-c3930756047=\"\" class=\"superscript\"><\/sup><\/source-footnote><\/response-element><\/span><span data-path-to-node=\"4,1,0,2\">.<\/span><sources-carousel-inline ng-version=\"0.0.0-PLACEHOLDER\" _nghost-ng-c3520645470=\"\"><source-inline-chip _ngcontent-ng-c3520645470=\"\" _nghost-ng-c1316062317=\"\" class=\"ng-star-inserted\"><\/source-inline-chip><\/sources-carousel-inline><\/p>\n<p data-path-to-node=\"4,2,0\" id=\"p-rc_6747e6db3e6bb46a-78\"><span data-path-to-node=\"4,2,0,0\"><b data-path-to-node=\"4,2,0,0\" data-index-in-node=\"0\">Muestra y Cierre:<\/b> Este es el momento decisivo. Una vez que nosotros filtramos a los interesados y calificamos su documentaci\u00f3n, t\u00fa te encargas de realizar las visitas y negociar el cierre final con el cliente<\/span><span data-path-to-node=\"4,2,0,1\"><response-element class=\"\" ng-version=\"0.0.0-PLACEHOLDER\"><source-footnote _nghost-ng-c3930756047=\"\" class=\"ng-star-inserted\"><sup _ngcontent-ng-c3930756047=\"\" class=\"superscript\"><\/sup><\/source-footnote><\/response-element><\/span><span data-path-to-node=\"4,2,0,2\"><\/span><\/p>\n<p>[\/et_pb_text][\/et_pb_column][\/et_pb_row][et_pb_row column_structure=\u00bb3_5,2_5&#8243; _builder_version=\u00bb4.27.5&#8243; _module_preset=\u00bbdefault\u00bb background_color=\u00bb#ff9900&#8243; custom_margin=\u00bb25px|auto||auto|false|false\u00bb custom_padding=\u00bb|30px||30px|false|true\u00bb border_radii=\u00bbon|25px|25px|25px|25px\u00bb global_colors_info=\u00bb{}\u00bb][et_pb_column type=\u00bb3_5&#8243; _builder_version=\u00bb4.27.5&#8243; _module_preset=\u00bbdefault\u00bb custom_padding=\u00bb|30px||0px|false|false\u00bb global_colors_info=\u00bb{}\u00bb][et_pb_text _builder_version=\u00bb4.27.5&#8243; _module_preset=\u00bbdefault\u00bb text_font=\u00bbUbuntu||||||||\u00bb text_text_color=\u00bb#FFFFFF\u00bb text_font_size=\u00bb24px\u00bb global_colors_info=\u00bb{}\u00bb]<\/p>\n<p>ROL BRALA:<\/p>\n<p>[\/et_pb_text][et_pb_text _builder_version=\u00bb4.27.5&#8243; _module_preset=\u00bbdefault\u00bb text_font=\u00bbUbuntu||||||||\u00bb text_text_color=\u00bb#FFFFFF\u00bb global_colors_info=\u00bb{}\u00bb]<\/p>\n<ul>\n<li>Edici\u00f3n Pro: Editamos tus fotos con programas de pago al nivel de las grandes inmobiliarias.<\/li>\n<li>Viralizaci\u00f3n: Subimos un videotour de tus videos editados a TikTok, Instagram y portales.<\/li>\n<li>Difusi\u00f3n: Publicaci\u00f3n masiva gracias a un software de pago (CRM).<\/li>\n<li>Filtro: Calificamos clientes y revisamos su documentaci\u00f3n por ti.<\/li>\n<li>Legal: Gestionamos contratos y notar\u00eda; t\u00fa te despreocupas.<\/li>\n<li>Web actualizada: Estamos a la vanguardia tecnol\u00f3gica necesaria para brindar resultados.<\/li>\n<\/ul>\n<p><strong>Pago: Comisiones de hasta el 60% (mejor que un canje).<\/strong><\/p>\n<p>Pretensi\u00f3n de renta mensual es de $850.000 sin tope. Inicialmente estar\u00e1s a prueba 7 d\u00edas. \u00bfTe interesa?<\/p>\n<p>[\/et_pb_text][\/et_pb_column][et_pb_column type=\u00bb2_5&#8243; _builder_version=\u00bb4.27.5&#8243; _module_preset=\u00bbdefault\u00bb background_enable_image=\u00bboff\u00bb custom_padding=\u00bb0px|0px|0px|30px|false|false\u00bb border_radii=\u00bbon|10px|10px|10px|10px\u00bb global_colors_info=\u00bb{}\u00bb][et_pb_image src=\u00bbhttps:\/\/brala.cl\/wp-content\/uploads\/2025\/09\/real-estate-07.jpg\u00bb title_text=\u00bbreal-estate-07&#8243; align=\u00bbcenter\u00bb force_fullwidth=\u00bbon\u00bb _builder_version=\u00bb4.27.5&#8243; _module_preset=\u00bbdefault\u00bb custom_margin=\u00bb2px||||false|false\u00bb border_radii=\u00bbon|25px|25px|25px|25px\u00bb global_colors_info=\u00bb{}\u00bb][\/et_pb_image][\/et_pb_column][\/et_pb_row][et_pb_row _builder_version=\u00bb4.27.5&#8243; _module_preset=\u00bbdefault\u00bb background_color=\u00bb#ff9900&#8243; custom_margin=\u00bb25px|auto||auto||\u00bb border_radii=\u00bbon|25px|25px|25px|25px\u00bb global_colors_info=\u00bb{}\u00bb][et_pb_column type=\u00bb4_4&#8243; _builder_version=\u00bb4.27.5&#8243; _module_preset=\u00bbdefault\u00bb background_enable_image=\u00bboff\u00bb custom_padding=\u00bb0px|0px|0px|30px|false|false\u00bb border_radii=\u00bbon|10px|10px|10px|10px\u00bb global_colors_info=\u00bb{}\u00bb][et_pb_text _builder_version=\u00bb4.27.5&#8243; _module_preset=\u00bbdefault\u00bb text_font=\u00bbUbuntu||||||||\u00bb text_text_color=\u00bb#FFFFFF\u00bb text_font_size=\u00bb24px\u00bb global_colors_info=\u00bb{}\u00bb]<\/p>\n<p>Tabla de comisi\u00f3n<\/p>\n<p>[\/et_pb_text][et_pb_text _builder_version=\u00bb4.27.5&#8243; _module_preset=\u00bbdefault\u00bb text_font=\u00bbUbuntu||||||||\u00bb text_text_color=\u00bb#FFFFFF\u00bb custom_margin=\u00bb|30px|||false|false\u00bb global_colors_info=\u00bb{}\u00bb]<\/p>\n<table style=\"width: 100%; border-collapse: collapse; border: 1px solid #444444; background-color: #1a1a1a; color: #ffffff; font-family: Arial, sans-serif;\">\n<thead>\n<tr style=\"background-color: #333333;\">\n<th style=\"border: 1px solid #444444; padding: 12px; text-align: left;\"><span style=\"color: #ffffff;\"><strong>\u00cdtem<\/strong><\/span><\/th>\n<th style=\"border: 1px solid #444444; padding: 12px; text-align: center;\"><span style=\"color: #ffffff;\"><strong>%<\/strong><\/span><\/th>\n<th style=\"border: 1px solid #444444; padding: 12px; text-align: center;\"><span style=\"color: #ffffff;\"><strong>Rol<\/strong><\/span><\/th>\n<th style=\"border: 1px solid #444444; padding: 12px; text-align: left;\"><span style=\"color: #ffffff;\"><strong>Justificaci\u00f3n<\/strong><\/span><\/th>\n<\/tr>\n<\/thead>\n<tbody>\n<tr>\n<td style=\"border: 1px solid #444444; padding: 10px;\">1. Captaci\u00f3n<\/td>\n<td style=\"border: 1px solid #444444; padding: 10px; text-align: center; font-weight: bold;\">20%<\/td>\n<td style=\"border: 1px solid #444444; padding: 10px; text-align: center;\">Agente<\/td>\n<td style=\"border: 1px solid #444444; padding: 10px;\">Compensaci\u00f3n por ingresar la propiedad a la cartera.<\/td>\n<\/tr>\n<tr>\n<td style=\"border: 1px solid #444444; padding: 10px;\">2. Foto y video<\/td>\n<td style=\"border: 1px solid #444444; padding: 10px; text-align: center; font-weight: bold;\">10%<\/td>\n<td style=\"border: 1px solid #444444; padding: 10px; text-align: center;\">Agente<\/td>\n<td style=\"border: 1px solid #444444; padding: 10px;\">Generaci\u00f3n de material visual necesario para el marketing.<\/td>\n<\/tr>\n<tr>\n<td style=\"border: 1px solid #444444; padding: 10px;\">3. Editar<\/td>\n<td style=\"border: 1px solid #444444; padding: 10px; text-align: center; font-weight: bold;\">10%<\/td>\n<td style=\"border: 1px solid #444444; padding: 10px; text-align: center;\">Brala<\/td>\n<td style=\"border: 1px solid #444444; padding: 10px;\">Procesamiento profesional para destacar la propiedad y la marca.<\/td>\n<\/tr>\n<tr>\n<td style=\"border: 1px solid #444444; padding: 10px;\">4. Publicar<\/td>\n<td style=\"border: 1px solid #444444; padding: 10px; text-align: center; font-weight: bold;\">10%<\/td>\n<td style=\"border: 1px solid #444444; padding: 10px; text-align: center;\">Brala<\/td>\n<td style=\"border: 1px solid #444444; padding: 10px;\">Inversi\u00f3n en portales pagados y gesti\u00f3n de anuncios.<\/td>\n<\/tr>\n<tr>\n<td style=\"border: 1px solid #444444; padding: 10px;\">5. Responder y coordinar<\/td>\n<td style=\"border: 1px solid #444444; padding: 10px; text-align: center; font-weight: bold;\">10%<\/td>\n<td style=\"border: 1px solid #444444; padding: 10px; text-align: center;\">Brala<\/td>\n<td style=\"border: 1px solid #444444; padding: 10px;\">Filtro de interesados para asegurar visitas de calidad.<\/td>\n<\/tr>\n<tr>\n<td style=\"border: 1px solid #444444; padding: 10px;\">6. Mostrar y cierre<\/td>\n<td style=\"border: 1px solid #444444; padding: 10px; text-align: center; font-weight: bold;\">20%<\/td>\n<td style=\"border: 1px solid #444444; padding: 10px; text-align: center;\">Agente<\/td>\n<td style=\"border: 1px solid #444444; padding: 10px;\">Esfuerzo presencial de venta y negociaci\u00f3n.<\/td>\n<\/tr>\n<tr>\n<td style=\"border: 1px solid #444444; padding: 10px;\">7. Contrato y firma<\/td>\n<td style=\"border: 1px solid #444444; padding: 10px; text-align: center; font-weight: bold;\">20%<\/td>\n<td style=\"border: 1px solid #444444; padding: 10px; text-align: center;\">Brala<\/td>\n<td style=\"border: 1px solid #444444; padding: 10px;\">Gesti\u00f3n legal, revisi\u00f3n de documentos y seguridad jur\u00eddica.<\/td>\n<\/tr>\n<tr style=\"background-color: #2a2a2a;\">\n<td style=\"border: 1px solid #444444; padding: 10px; font-style: italic;\">Bonificaci\u00f3n (Desde 4\u00b0 arriendo).<\/td>\n<td style=\"border: 1px solid #444444; padding: 10px; text-align: center; font-weight: bold; color: #ffcc00;\">10% EXTRA<\/td>\n<td style=\"border: 1px solid #444444; padding: 10px; text-align: center;\">Brala<\/td>\n<td style=\"border: 1px solid #444444; padding: 10px;\">Incentivo por productividad y volumen de cierres.<\/td>\n<\/tr>\n<\/tbody>\n<\/table>\n<p>[\/et_pb_text][\/et_pb_column][\/et_pb_row][et_pb_row _builder_version=\u00bb4.27.5&#8243; _module_preset=\u00bbdefault\u00bb hover_enabled=\u00bb0&#8243; global_colors_info=\u00bb{}\u00bb column_structure=\u00bb1_2,1_2&#8243; background_color=\u00bb#ff9900&#8243; border_radii=\u00bbon|30px|30px|30px|30px\u00bb sticky_enabled=\u00bb0&#8243; custom_padding=\u00bb26px|40px||40px|false|true\u00bb custom_margin=\u00bb23px|auto||auto||\u00bb][et_pb_column type=\u00bb1_2&#8243; _builder_version=\u00bb4.27.5&#8243; _module_preset=\u00bbdefault\u00bb global_colors_info=\u00bb{}\u00bb][et_pb_text _builder_version=\u00bb4.27.5&#8243; _module_preset=\u00bbdefault\u00bb text_font=\u00bbUbuntu|700|||||||\u00bb text_text_color=\u00bb#FFFFFF\u00bb text_font_size=\u00bb24px\u00bb hover_enabled=\u00bb0&#8243; sticky_enabled=\u00bb0&#8243;]<\/p>\n<p>Cont\u00e1ctanos<\/p>\n<p>[\/et_pb_text][et_pb_text _builder_version=\u00bb4.27.5&#8243; _module_preset=\u00bbdefault\u00bb hover_enabled=\u00bb0&#8243; sticky_enabled=\u00bb0&#8243; text_font=\u00bbUbuntu|700|||||||\u00bb text_text_color=\u00bb#FFFFFF\u00bb]<\/p>\n<p><b data-path-to-node=\"3,0\" data-index-in-node=\"0\">\u00a1\u00danete al equipo que est\u00e1 transformando el sector!<\/b> Estamos buscando ejecutivos con hambre de \u00e9xito para expandir nuestra red. Agenda tu videollamada hoy y proyectemos tu pr\u00f3ximo gran paso profesional.<\/p>\n<p>[\/et_pb_text][\/et_pb_column][et_pb_column type=\u00bb1_2&#8243; _builder_version=\u00bb4.27.5&#8243; _module_preset=\u00bbdefault\u00bb global_colors_info=\u00bb{}\u00bb][et_pb_contact_form submit_button_text=\u00bbAgendar videollamada\u00bb _builder_version=\u00bb4.27.5&#8243; _module_preset=\u00bbdefault\u00bb _unique_id=\u00bb06e87581-0d1e-41c5-a2fd-ccfe7bce33ba\u00bb captcha_font=\u00bbUbuntu||||||||\u00bb captcha_text_color=\u00bb#FFFFFF\u00bb captcha_font_size=\u00bb30px\u00bb custom_button=\u00bbon\u00bb button_text_color=\u00bb#FFFFFF\u00bb button_bg_color=\u00bb#000000&#8243; button_border_width=\u00bb0px\u00bb hover_enabled=\u00bb0&#8243; global_colors_info=\u00bb{}\u00bb background_color=\u00bb#ff9900&#8243; sticky_enabled=\u00bb0&#8243; custom_padding=\u00bb2px|39px||39px|false|true\u00bb button_bg_enable_color=\u00bbon\u00bb success_message=\u00bbEnviado\u00bb email=\u00bbcontacto@brala.cl\u00bb custom_message=\u00bbCONTACTO AGENTE\u00bb link_option_url=\u00bbhttps:\/\/wa.me\/56948591582&#8243;][et_pb_contact_field field_id=\u00bbName\u00bb field_title=\u00bbNombre completo\u00bb _builder_version=\u00bb4.27.5&#8243; hover_enabled=\u00bb0&#8243; global_colors_info=\u00bb{}\u00bb button_text_size__hover_enabled=\u00bboff\u00bb button_one_text_size__hover_enabled=\u00bboff\u00bb button_two_text_size__hover_enabled=\u00bboff\u00bb button_text_color__hover_enabled=\u00bboff\u00bb button_one_text_color__hover_enabled=\u00bboff\u00bb button_two_text_color__hover_enabled=\u00bboff\u00bb button_border_width__hover_enabled=\u00bboff\u00bb button_one_border_width__hover_enabled=\u00bboff\u00bb button_two_border_width__hover_enabled=\u00bboff\u00bb button_border_color__hover_enabled=\u00bboff\u00bb button_one_border_color__hover_enabled=\u00bboff\u00bb button_two_border_color__hover_enabled=\u00bboff\u00bb button_border_radius__hover_enabled=\u00bboff\u00bb button_one_border_radius__hover_enabled=\u00bboff\u00bb button_two_border_radius__hover_enabled=\u00bboff\u00bb button_letter_spacing__hover_enabled=\u00bboff\u00bb button_one_letter_spacing__hover_enabled=\u00bboff\u00bb button_two_letter_spacing__hover_enabled=\u00bboff\u00bb button_bg_color__hover_enabled=\u00bboff\u00bb button_one_bg_color__hover_enabled=\u00bboff\u00bb button_two_bg_color__hover_enabled=\u00bboff\u00bb sticky_enabled=\u00bb0&#8243;][\/et_pb_contact_field][et_pb_contact_field field_id=\u00bbWhatsapp\u00bb field_title=\u00bbWhatsapp\u00bb fullwidth_field=\u00bbon\u00bb _builder_version=\u00bb4.27.5&#8243; _module_preset=\u00bbdefault\u00bb global_colors_info=\u00bb{}\u00bb][\/et_pb_contact_field][\/et_pb_contact_form][\/et_pb_column][\/et_pb_row][\/et_pb_section]<\/p>\n","protected":false},"excerpt":{"rendered":"<p>\u00bfEres agente inmobiliario? Trabajemos juntos.Hoy, ser corredor independiente es una carga excesiva; si no tienes una presencia digital actualizada y agresiva, simplemente no existes. Nuestra propuesta es que t\u00fa te enfoques solo en cerrar negocios, mientras nosotros potenciamos tu gesti\u00f3n con estas herramientas.Tu Rol: El Motor del \u00c9xito en TerrenoEn Brala Propiedades, creemos en la [&hellip;]<\/p>\n","protected":false},"author":1,"featured_media":0,"parent":0,"menu_order":0,"comment_status":"closed","ping_status":"closed","template":"","meta":{"_et_pb_use_builder":"on","_et_pb_old_content":"","_et_gb_content_width":"","om_disable_all_campaigns":false,"_monsterinsights_skip_tracking":false,"_monsterinsights_sitenote_active":false,"_monsterinsights_sitenote_note":"","_monsterinsights_sitenote_category":0,"_uf_show_specific_survey":0,"_uf_disable_surveys":false,"footnotes":""},"class_list":["post-5746","page","type-page","status-publish","hentry"],"aioseo_notices":[],"jetpack_sharing_enabled":true,"_links":{"self":[{"href":"https:\/\/brala.cl\/index.php\/wp-json\/wp\/v2\/pages\/5746","targetHints":{"allow":["GET"]}}],"collection":[{"href":"https:\/\/brala.cl\/index.php\/wp-json\/wp\/v2\/pages"}],"about":[{"href":"https:\/\/brala.cl\/index.php\/wp-json\/wp\/v2\/types\/page"}],"author":[{"embeddable":true,"href":"https:\/\/brala.cl\/index.php\/wp-json\/wp\/v2\/users\/1"}],"replies":[{"embeddable":true,"href":"https:\/\/brala.cl\/index.php\/wp-json\/wp\/v2\/comments?post=5746"}],"version-history":[{"count":16,"href":"https:\/\/brala.cl\/index.php\/wp-json\/wp\/v2\/pages\/5746\/revisions"}],"predecessor-version":[{"id":5836,"href":"https:\/\/brala.cl\/index.php\/wp-json\/wp\/v2\/pages\/5746\/revisions\/5836"}],"wp:attachment":[{"href":"https:\/\/brala.cl\/index.php\/wp-json\/wp\/v2\/media?parent=5746"}],"curies":[{"name":"wp","href":"https:\/\/api.w.org\/{rel}","templated":true}]}}