{"id":5311,"date":"2026-03-23T19:41:52","date_gmt":"2026-03-23T22:41:52","guid":{"rendered":"https:\/\/brala.cl\/?post_type=product&#038;p=5311"},"modified":"2026-04-14T11:58:58","modified_gmt":"2026-04-14T15:58:58","slug":"arriendo-departamento-vina-del-mar-alto","status":"publish","type":"product","link":"https:\/\/brala.cl\/index.php\/producto\/arriendo-departamento-vina-del-mar-alto\/","title":{"rendered":"Arriendo departamento Vi\u00f1a del Mar Alto"},"content":{"rendered":"<p><iframe loading=\"lazy\" title=\"#arriendo #bralapropiedades #vi\u00f1adelmaralto #brala\" width=\"563\" height=\"1000\" src=\"https:\/\/www.youtube.com\/embed\/FaUFR5cyZ58?feature=oembed\"  allow=\"accelerometer; autoplay; clipboard-write; encrypted-media; gyroscope; picture-in-picture; web-share\" referrerpolicy=\"strict-origin-when-cross-origin\" allowfullscreen><\/iframe><\/p>\n","protected":false},"excerpt":{"rendered":"<p>\u00a1Explora tu futuro hogar desde tu pantalla! Cont\u00e1ctanos para recibir un videotour detallado. Ofrecemos visitas al inmueble seg\u00fan tu horario. Nuestro proceso de arriendo es 100% online y legalizado por notar\u00eda. Puedes pagar en cuotas con tus tarjetas de cr\u00e9dito, gracias a Webpay.<br \/>\n3 dormitorios<br \/>\n2 ba\u00f1os<br \/>\n1 estacionamiento<br \/>\n1 bodega<br \/>\nCocina abierta amoblada y equipada<br \/>\nTerraza abierta<br \/>\nValor de arriendo: $490.000 + $90.000 gasto com\u00fan<br \/>\nCon 58 m2 \u00fatil y un total de 64 m2<br \/>\nPiso 13<br \/>\nNo se permiten mascotas<br \/>\nA\u00f1o de construcci\u00f3n: 2017<br \/>\nOrientaci\u00f3n: Sur-poniente<br \/>\nA\u00f1o corrido, sin muebles<br \/>\nDisponibilidad inmediata<br \/>\nEl edificio cuenta con: Sala Multiuso, gimnasio, lavander\u00eda, estacionamiento de visitas, detector y control de incendios, vigilancia por circuito cerrado de tv, alarma en puerta de acceso del departamento, redes de iluminaci\u00f3n de emergencia yonserjeria 24\/7<\/p>\n<p>\u00a1No dejes pasar esta oportunidad \u00fanica! Cont\u00e1ctanos para m\u00e1s detalles y agenda tu visita hoy mismo.<\/p>\n<p>&nbsp;<\/p>\n","protected":false},"featured_media":5462,"template":"","meta":{"_et_pb_use_builder":"","_et_pb_old_content":"","_et_gb_content_width":"","om_disable_all_campaigns":false,"_monsterinsights_skip_tracking":false,"_monsterinsights_sitenote_active":false,"_monsterinsights_sitenote_note":"","_monsterinsights_sitenote_category":0,"_uf_show_specific_survey":0,"_uf_disable_surveys":false},"product_brand":[],"product_cat":[133,116,137],"product_tag":[],"class_list":{"0":"post-5311","1":"product","2":"type-product","3":"status-publish","4":"has-post-thumbnail","6":"product_cat-ano-corrido","7":"product_cat-arriendo","8":"product_cat-vina-del-mar-arriendo","10":"first","11":"instock","12":"shipping-taxable","13":"purchasable","14":"product-type-simple"},"aioseo_notices":[],"jetpack_sharing_enabled":true,"_links":{"self":[{"href":"https:\/\/brala.cl\/index.php\/wp-json\/wp\/v2\/product\/5311","targetHints":{"allow":["GET"]}}],"collection":[{"href":"https:\/\/brala.cl\/index.php\/wp-json\/wp\/v2\/product"}],"about":[{"href":"https:\/\/brala.cl\/index.php\/wp-json\/wp\/v2\/types\/product"}],"wp:featuredmedia":[{"embeddable":true,"href":"https:\/\/brala.cl\/index.php\/wp-json\/wp\/v2\/media\/5462"}],"wp:attachment":[{"href":"https:\/\/brala.cl\/index.php\/wp-json\/wp\/v2\/media?parent=5311"}],"wp:term":[{"taxonomy":"product_brand","embeddable":true,"href":"https:\/\/brala.cl\/index.php\/wp-json\/wp\/v2\/product_brand?post=5311"},{"taxonomy":"product_cat","embeddable":true,"href":"https:\/\/brala.cl\/index.php\/wp-json\/wp\/v2\/product_cat?post=5311"},{"taxonomy":"product_tag","embeddable":true,"href":"https:\/\/brala.cl\/index.php\/wp-json\/wp\/v2\/product_tag?post=5311"}],"curies":[{"name":"wp","href":"https:\/\/api.w.org\/{rel}","templated":true}]}}