{"id":5390,"date":"2026-03-30T20:37:09","date_gmt":"2026-03-30T23:37:09","guid":{"rendered":"https:\/\/brala.cl\/?post_type=product&#038;p=5390"},"modified":"2026-03-30T20:37:10","modified_gmt":"2026-03-30T23:37:10","slug":"arriendo-departamento-gomez-carreno","status":"publish","type":"product","link":"https:\/\/brala.cl\/index.php\/producto\/arriendo-departamento-gomez-carreno\/","title":{"rendered":"Arriendo departamento Gomez Carre\u00f1o"},"content":{"rendered":"","protected":false},"excerpt":{"rendered":"<p>\u00a1Explora tu futuro hogar desde tu pantalla! Cont\u00e1ctanos para recibir un videotour detallado. Ofrecemos visitas al inmueble seg\u00fan tu horario. Nuestro proceso de arriendo es 100% online y legalizado por notar\u00eda. Puedes pagar en cuotas con tus tarjetas de cr\u00e9dito, gracias a Webpay.<\/p>\n<p>&nbsp;<\/p>\n<p>2 dormitorios (principal en suite y walking closet)<br \/>\n2 ba\u00f1os<br \/>\n1 estacionamiento<br \/>\n1 bodega<br \/>\nCocina semi-abierta amoblada y equipada<br \/>\nLogia<br \/>\nTerraza cerrada con malla de seguridad<br \/>\nValor de arriendo: $520.000 + $90.000 gasto com\u00fan<br \/>\nCon 55 m2 \u00fatil y un total de 60 m2<br \/>\nPiso 7<br \/>\nNo se permiten mascotas<br \/>\nA\u00f1o de construcci\u00f3n: 2017<br \/>\nOrientaci\u00f3n: Poniente<br \/>\nA\u00f1o corrido, sin muebles<br \/>\nDisponibilidad inmediata<\/p>\n<p>El edificio cuenta con: piscina, gimnasio, lavander\u00eda, sal\u00f3n multiuso, sal\u00f3n gourmet, sala de cine, quinchos, explanada de juegos para ni\u00f1os, sala de primeros auxilios, accesos controlados 24\/7, m\u00e1s \u00e1reas verdes, lozas de contemplaci\u00f3n, senderos.<\/p>\n<p>\u00a1No dejes pasar esta oportunidad \u00fanica! Cont\u00e1ctanos para m\u00e1s detalles y agenda tu visita hoy mismo.<\/p>\n<p>&nbsp;<\/p>\n","protected":false},"featured_media":5391,"template":"","meta":{"_et_pb_use_builder":"","_et_pb_old_content":"","_et_gb_content_width":"","om_disable_all_campaigns":false,"_monsterinsights_skip_tracking":false,"_monsterinsights_sitenote_active":false,"_monsterinsights_sitenote_note":"","_monsterinsights_sitenote_category":0,"_uf_show_specific_survey":0,"_uf_disable_surveys":false},"product_brand":[],"product_cat":[133,116,137],"product_tag":[],"class_list":{"0":"post-5390","1":"product","2":"type-product","3":"status-publish","4":"has-post-thumbnail","6":"product_cat-ano-corrido","7":"product_cat-arriendo","8":"product_cat-vina-del-mar-arriendo","10":"first","11":"instock","12":"shipping-taxable","13":"purchasable","14":"product-type-simple"},"aioseo_notices":[],"jetpack_sharing_enabled":true,"_links":{"self":[{"href":"https:\/\/brala.cl\/index.php\/wp-json\/wp\/v2\/product\/5390","targetHints":{"allow":["GET"]}}],"collection":[{"href":"https:\/\/brala.cl\/index.php\/wp-json\/wp\/v2\/product"}],"about":[{"href":"https:\/\/brala.cl\/index.php\/wp-json\/wp\/v2\/types\/product"}],"wp:featuredmedia":[{"embeddable":true,"href":"https:\/\/brala.cl\/index.php\/wp-json\/wp\/v2\/media\/5391"}],"wp:attachment":[{"href":"https:\/\/brala.cl\/index.php\/wp-json\/wp\/v2\/media?parent=5390"}],"wp:term":[{"taxonomy":"product_brand","embeddable":true,"href":"https:\/\/brala.cl\/index.php\/wp-json\/wp\/v2\/product_brand?post=5390"},{"taxonomy":"product_cat","embeddable":true,"href":"https:\/\/brala.cl\/index.php\/wp-json\/wp\/v2\/product_cat?post=5390"},{"taxonomy":"product_tag","embeddable":true,"href":"https:\/\/brala.cl\/index.php\/wp-json\/wp\/v2\/product_tag?post=5390"}],"curies":[{"name":"wp","href":"https:\/\/api.w.org\/{rel}","templated":true}]}}